{"id":179,"date":"2018-05-21T17:02:53","date_gmt":"2018-05-21T17:02:53","guid":{"rendered":"https:\/\/demo.keonthemes.com\/business-consultr\/?page_id=123"},"modified":"2019-07-11T10:53:50","modified_gmt":"2019-07-11T09:53:50","slug":"devenir-client","status":"publish","type":"page","link":"https:\/\/scsigus.dz\/scs\/devenir-client\/","title":{"rendered":"Devenir Client"},"content":{"rendered":"\n<h1 class=\"wp-block-heading\"><a>DOSSIER A FOURNIR<\/a><\/h1>\n\n\n\n<p>Les clients sont pri\u00e9s de pr\u00e9senter un dossier comportant les documents suivants\u00a0:<\/p>\n\n\n\n<style>\n\t\n\tdiv.spoiler\n\t{\n\t\tborder: \n\t\tcursor: pointer;\n\t\tdisplay: block;\n\t\tpadding: 3px;\n\t\n\t}\n\tdiv.spoilerDiv\n\tdiv.contenuSpoiler\n\t{\n\t\tdisplay: none;\n\t}\n\t.lienAfficher\n\t{\n\tpadding: 10px;\n\t\twidth: 100%;\n\t\tborder: none;\n\t\tcursor: pointer;\n\t\t\n\t\tbackground-color: lightGray;\n\t\tdisplay: block;\n\t\t\n\t\tpadding: 3px;\n\t\tmin-height: 1.25em;\n\t}\n\t.lienAfficher:hover\n\t{\n\t\ttext-decoration: underline;\n\n\t}\t\n<\/style>\n<script type=\"text\/javascript\">\n\t\n\tfunction ouvrirFermerSpoiler(div)\n\t{\n        var divContenu = div.getElementsByTagName('div')[1];\n        \n\t\tif(divContenu.style.display == 'block')\n            divContenu.style.display = 'none';\n\t\telse\n            divContenu.style.display = 'block';\n    }\t\n<\/script>\n<div class=\"spoilerDiv\" onclick=\"ouvrirFermerSpoiler(this);\">\n\t<span class=\"lienAfficher\">\n\n\n<B><Font size=5>   Entreprise de r\u00e9alisation  <\/Font><\/B> <\/BR>\n\n\n<\/span>\n\t<div class=\"spoiler\">\n\t\t<div class=\"contenuSpoiler\">\n\n\t<\/br>\t\t\n&#8211;\tCopie de registre du commerce l\u00e9galis\u00e9e par le CNRC (pour l\u2019exercice en cours);<\/BR>\n&#8211;\tNum\u00e9ro d\u2019Identification statistique (NIS); <\/BR>\n&#8211;\tNum\u00e9ro d\u2019Identification Fiscale (NIF); <\/BR>\n&#8211;\tNum\u00e9ro d\u2019article d\u2019imposition; <\/BR>\n&#8211;\tRelev\u00e9 d\u2019Identification Bancaire (RIB), (facultatif); <\/BR>\n&#8211;\tCopie de la pi\u00e8ce d\u2019identit\u00e9 de la personne physique ou du repr\u00e9sentant l\u00e9gal de la soci\u00e9t\u00e9 pour la personne morale; <\/BR>\n&#8211;\tBon de commande global, comportant les informations du projet \u00e0 r\u00e9aliser et du maitre d\u2019ouvrage. <\/BR><\/br>\n\n\n\t\t\t\n\t\t<\/div>\n\t<\/div>\n<\/div>\n\n\n\n<style>\n\t\n\tdiv.spoiler\n\t{\n\t\tborder: \n\t\tcursor: pointer;\n\t\tdisplay: block;\n\t\tpadding: 3px;\t\n\t}\n\tdiv.spoilerDiv\n\tdiv.contenuSpoiler\n\t{\n\t\tdisplay: none;\n\t}\n\t.lienAfficher\n\t{\n\t\ttext-decoration: none;\n\t\tcursor: hand;\n\t\tcolor: none;\n\t}\n\t.lienAfficher:hover\n\t{\n\t\ttext-decoration: underline;\n\t}\t\n<\/style>\n<script type=\"text\/javascript\">\n\t\n\tfunction ouvrirFermerSpoiler(div)\n\t{\n        var divContenu = div.getElementsByTagName('div')[1];\n        \n\t\tif(divContenu.style.display == 'block')\n            divContenu.style.display = 'none';\n\t\telse\n            divContenu.style.display = 'block';\n    }\t\n<\/script>\n<div class=\"spoilerDiv\" onclick=\"ouvrirFermerSpoiler(this);\">\n\t<span class=\"lienAfficher\">\n\n\n<B><Font size=5>Investisseurs <\/Font><\/B><\/BR>\n\n\n<\/span>\n\t<div class=\"spoiler\">\n\t\t<div class=\"contenuSpoiler\">\n\n\t\t<\/br>\t\n<B><u>Dossier administratif <\/U><\/B><\/BR><\/BR>\n&#8211;\tCopie de registre du commerce l\u00e9galis\u00e9 par le CNRC (pour l\u2019exercice en cours), si disponible; <\/BR>\n&#8211;\tNum\u00e9ro d\u2019Identification statistique (NIS); <\/BR>\n&#8211;\tNum\u00e9ro d\u2019Identification Fiscale (NIF); <\/BR>\n&#8211;\tNum\u00e9ro d\u2019article d\u2019imposition; <\/BR>\n&#8211;\tRelev\u00e9 d\u2019Identification Bancaire (RIB), (facultatif); <\/BR>\n&#8211;\tCopie de la pi\u00e8ce d\u2019identit\u00e9 de la personne physique ou du repr\u00e9sentant l\u00e9gal de la soci\u00e9t\u00e9 pour la personne morale. <\/BR><\/BR>\n<B><u>Dossier Technique<\/u><\/B><\/BR><\/BR>\n&#8211;\tCopie du permis de construire en cours de validit\u00e9; <\/BR>\n&#8211;\tBon de commande. <\/BR>\n\n<\/br>\n\t\t\t\n\t\t<\/div>\n\t<\/div>\n<\/div>\n\n\n\n<style>\n\t\n\tdiv.spoiler\n\t{\n\t\tborder: \n\t\tcursor: pointer;\n\t\tdisplay: block;\n\t\tpadding: 3px;\t\n\t}\n\tdiv.spoilerDiv\n\tdiv.contenuSpoiler\n\t{\n\t\tdisplay: none;\n\t}\n\t.lienAfficher\n\t{\n\t\ttext-decoration: none;\n\t\tcursor: hand;\n\t\tcolor: none;\n\t}\n\t.lienAfficher:hover\n\t{\n\t\ttext-decoration: underline;\n\t}\t\n<\/style>\n<script type=\"text\/javascript\">\n\t\n\tfunction ouvrirFermerSpoiler(div)\n\t{\n        var divContenu = div.getElementsByTagName('div')[1];\n        \n\t\tif(divContenu.style.display == 'block')\n            divContenu.style.display = 'none';\n\t\telse\n            divContenu.style.display = 'block';\n    }\t\n<\/script>\n<div class=\"spoilerDiv\" onclick=\"ouvrirFermerSpoiler(this);\">\n\t<span class=\"lienAfficher\">\n\n\n<B><Font size=5>Promoteur immobilier <\/Font><\/B>  <\/br>\n\n\n<\/span>\n\t<div class=\"spoiler\">\n\t\t<div class=\"contenuSpoiler\">\n\n\t\t<\/br>\t\n<B><u>Dossier administratif <\/U><\/B><\/BR><\/BR>\n&#8211;\tCopie de registre du commerce l\u00e9galis\u00e9e par le CNRC (pour l\u2019exercice en cours), comportant l\u2019activit\u00e9 de la r\u00e9alisation; <\/BR>\n&#8211;\tNum\u00e9ro d\u2019Identification statistique (NIS); <\/BR>\n&#8211;\tNum\u00e9ro d\u2019Identification Fiscale (NIF); <\/BR>\n&#8211;\tNum\u00e9ro d\u2019article d\u2019imposition; <\/BR>\n&#8211;\tRelev\u00e9 d\u2019Identification Bancaire (RIB), (facultatif); <\/BR>\n&#8211;\tCopie de la pi\u00e8ce d\u2019identit\u00e9 de la personne physique ou du repr\u00e9sentant l\u00e9gal de la soci\u00e9t\u00e9 pour la personne morale. <\/BR>\n<\/BR>\n<B><u>Dossier Technique<\/u><\/B><\/BR><\/BR>\n&#8211;\tPermis de construire en cours de validit\u00e9; <\/BR>\n&#8211;\tBon de commande. <\/BR>\n\n<\/br>\n\t\t\t\n\t\t<\/div>\n\t<\/div>\n<\/div>\n\n\n\n<style>\n\t\n\tdiv.spoiler\n\t{\n\t\tborder: \n\t\tcursor: pointer;\n\t\tdisplay: block;\n\t\tpadding: 3px;\t\n\t}\n\tdiv.spoilerDiv\n\tdiv.contenuSpoiler\n\t{\n\t\tdisplay: none;\n\t}\n\t.lienAfficher\n\t{\n\t\ttext-decoration: none;\n\t\tcursor: hand;\n\t\tcolor: none;\n\t}\n\t.lienAfficher:hover\n\t{\n\t\ttext-decoration: underline;\n\t}\t\n<\/style>\n<script type=\"text\/javascript\">\n\t\n\tfunction ouvrirFermerSpoiler(div)\n\t{\n        var divContenu = div.getElementsByTagName('div')[1];\n        \n\t\tif(divContenu.style.display == 'block')\n            divContenu.style.display = 'none';\n\t\telse\n            divContenu.style.display = 'block';\n    }\t\n<\/script>\n<div class=\"spoilerDiv\" onclick=\"ouvrirFermerSpoiler(this);\">\n\t<span class=\"lienAfficher\">\n\n\n<b><Font size=5>Transformateurs <\/Font><\/B>  <\/BR>\n\n\n<\/span>\n\t<div class=\"spoiler\">\n\t\t<div class=\"contenuSpoiler\">\n\n<\/br>\t\n<B><u>Dossier administratif <\/U><\/B><\/BR><\/BR>\n&#8211;\tCopie de registre du commerce l\u00e9galis\u00e9e par le CNRC (moins de trois mois); <\/BR>\n&#8211;\tNum\u00e9ro d\u2019Identification statistique (NIS); <\/BR>\n&#8211;\tNum\u00e9ro d\u2019Identification Fiscale (NIF); <\/BR>\n&#8211;\tNum\u00e9ro d\u2019article d\u2019imposition; <\/BR>\n&#8211;\tRelev\u00e9 d\u2019Identification Bancaire (RIB), (facultatif); <\/BR>\n&#8211;\tCopie de la pi\u00e8ce d\u2019identit\u00e9 de la personne physique ou du repr\u00e9sentant l\u00e9gal de la soci\u00e9t\u00e9 pour la personne morale. <\/BR>\n<\/BR>\n<B><u>Dossier Technique<\/u><\/B><\/BR><\/BR>\n&#8211;\tconstat huissier de justice (terrain et mat\u00e9riel). <\/BR>\n\n<\/br>\n\n\t\t\t\n\t\t<\/div>\n\t<\/div>\n<\/div>\n\n\n\n<style>\n\t\n\tdiv.spoiler\n\t{\n\t\tborder: \n\t\tcursor: pointer;\n\t\tdisplay: block;\n\t\tpadding: 3px;\t\n\t}\n\tdiv.spoilerDiv\n\tdiv.contenuSpoiler\n\t{\n\t\tdisplay: none;\n\t}\n\t.lienAfficher\n\t{\n\t\ttext-decoration: none;\n\t\tcursor: hand;\n\t\tcolor: none;\n\t}\n\t.lienAfficher:hover\n\t{\n\t\ttext-decoration: underline;\n\t}\t\n<\/style>\n<script type=\"text\/javascript\">\n\t\n\tfunction ouvrirFermerSpoiler(div)\n\t{\n        var divContenu = div.getElementsByTagName('div')[1];\n        \n\t\tif(divContenu.style.display == 'block')\n            divContenu.style.display = 'none';\n\t\telse\n            divContenu.style.display = 'block';\n    }\t\n<\/script>\n<div class=\"spoilerDiv\" onclick=\"ouvrirFermerSpoiler(this);\">\n\t<span class=\"lienAfficher\">\n\n\n<b><Font size=5>Revendeurs <\/B>  <\/Font><\/BR>\n\n\n<\/span>\n\t<div class=\"spoiler\">\n\t\t<div class=\"contenuSpoiler\">\n\n\t<\/br>\t\n<B><u>Dossier administratif <\/U><\/B><\/BR><\/BR>\n&#8211;\tCopie de registre du commerce l\u00e9galis\u00e9e par le CNRC (pour l\u2019exercice en cours); <\/BR>\n&#8211;\tNum\u00e9ro d\u2019Identification statistique (NIS); <\/BR>\n&#8211;\tNum\u00e9ro d\u2019Identification Fiscale (NIF); <\/BR>\n&#8211;\tNum\u00e9ro d\u2019article d\u2019imposition; <\/BR>\n&#8211;\tRelev\u00e9 d\u2019Identification Bancaire (RIB), (facultatif); <\/BR>\n&#8211;\tCopie de la pi\u00e8ce d\u2019identit\u00e9 de la personne physique ou du repr\u00e9sentant l\u00e9gale la soci\u00e9t\u00e9 pour la personne morale. <\/BR>\n<\/BR>\n<B><u>Dossier Technique<\/u><\/B><\/BR><\/BR>\n&#8211;\tLe cahier des charges <\/br>\n\n\n<\/br>\n\n\t\t\t\n\t\t<\/div>\n\t<\/div>\n<\/div>\n\n\n\n<style>\n\t\n\tdiv.spoiler\n\t{\n\t\tborder: \n\t\tcursor: pointer;\n\t\tdisplay: block;\n\t\tpadding: 3px;\t\n\t}\n\tdiv.spoilerDiv\n\tdiv.contenuSpoiler\n\t{\n\t\tdisplay: none;\n\t}\n\t.lienAfficher\n\t{\n\t\ttext-decoration: none;\n\t\tcursor: hand;\n\t\tcolor: none;\n\t}\n\t.lienAfficher:hover\n\t{\n\t\ttext-decoration: underline;\n\t}\t\n<\/style>\n<script type=\"text\/javascript\">\n\t\n\tfunction ouvrirFermerSpoiler(div)\n\t{\n        var divContenu = div.getElementsByTagName('div')[1];\n        \n\t\tif(divContenu.style.display == 'block')\n            divContenu.style.display = 'none';\n\t\telse\n            divContenu.style.display = 'block';\n    }\t\n<\/script>\n<div class=\"spoilerDiv\" onclick=\"ouvrirFermerSpoiler(this);\">\n\t<span class=\"lienAfficher\">\n\n\n<b><Font size=5>Conditionneurs  <\/Font><\/B>  <\/br>\n\n\n<\/span>\n\t<div class=\"spoiler\">\n\t\t<div class=\"contenuSpoiler\">\n\n\t\t<\/br>\t\n<B><u>Dossier administratif <\/U><\/B><\/BR><\/BR>\n&#8211;\tCopie de registre du commerce l\u00e9galis\u00e9 par le CNRC (moins de trois mois) ; <\/br>\n&#8211;\tNum\u00e9ro d\u2019Identification statistique (NIS) ; <\/br>\n&#8211;\tNum\u00e9ro d\u2019Identification Fiscale (NIF) ; <\/br>\n&#8211;\tNum\u00e9ro d\u2019article d\u2019imposition ; <\/br>\n&#8211;\tRelev\u00e9 d\u2019Identification Bancaire (RIB), (facultatif); <\/br>\n&#8211;\tCopie de la pi\u00e8ce d\u2019identit\u00e9 de la personne physique ou du repr\u00e9sentant l\u00e9gal de la soci\u00e9t\u00e9 pour la personne morale. <\/br>\n<\/BR>\n<B><u>Dossier Technique<\/u><\/B><\/BR><\/BR>\nLe cahier des charges. <\/br>\n\n\n<\/br>\n\t\t\t\n\t\t<\/div>\n\t<\/div>\n<\/div>\n\n\n\n<style>\n\t\n\tdiv.spoiler\n\t{\n\t\tborder: \n\t\tcursor: pointer;\n\t\tdisplay: block;\n\t\tpadding: 3px;\t\n\t}\n\tdiv.spoilerDiv\n\tdiv.contenuSpoiler\n\t{\n\t\tdisplay: none;\n\t}\n\t.lienAfficher\n\t{\n\t\ttext-decoration: none;\n\t\tcursor: hand;\n\t\tcolor: none;\n\t}\n\t.lienAfficher:hover\n\t{\n\t\ttext-decoration: underline;\n\t}\t\n<\/style>\n<script type=\"text\/javascript\">\n\t\n\tfunction ouvrirFermerSpoiler(div)\n\t{\n        var divContenu = div.getElementsByTagName('div')[1];\n        \n\t\tif(divContenu.style.display == 'block')\n            divContenu.style.display = 'none';\n\t\telse\n            divContenu.style.display = 'block';\n    }\t\n<\/script>\n<div class=\"spoilerDiv\" onclick=\"ouvrirFermerSpoiler(this);\">\n\t<span class=\"lienAfficher\">\n\n\n<b><Font size=5>Auto-constructeur <\/Font><\/B>\n\n\n<\/span>\n\t<div class=\"spoiler\">\n\t\t<div class=\"contenuSpoiler\">\n\n\t<\/br>\t\t\n&#8211;\tCopie de la pi\u00e8ce d\u2019identit\u00e9 ; <\/br>\n&#8211;\tPermis de construire en cours de validit\u00e9 ; <\/br>\n&#8211;\tAttestation de besoin \u00e9tablie et vis\u00e9e par le bureau d\u2019\u00e9tudes. <\/br>\nPour les travaux d\u2019am\u00e9nagements et de r\u00e9fections qui ne n\u00e9cessitent pas un permis de construire la vente est autoris\u00e9e, selon la disponibilit\u00e9 du produit. <\/br>\nDans ce cas les documents demand\u00e9s sont : <\/br>\n\u2022\tCopie de la pi\u00e8ce d\u2019identit\u00e9. <\/br>\nNB : La cat\u00e9gorie client, auto-constructeurs est prise en charge au prix sortie d\u00e9p\u00f4ts. <\/br>\n\n<\/br>\n\n\t\t\t\n\t\t<\/div>\n\t<\/div>\n<\/div>\n\n\n\n<style>\n\t\n\tdiv.spoiler\n\t{\n\t\tborder: \n\t\tcursor: pointer;\n\t\tdisplay: block;\n\t\tpadding: 3px;\t\n\t}\n\tdiv.spoilerDiv\n\tdiv.contenuSpoiler\n\t{\n\t\tdisplay: none;\n\t}\n\t.lienAfficher\n\t{\n\t\ttext-decoration: none;\n\t\tcursor: hand;\n\t\tcolor: none;\n\t}\n\t.lienAfficher:hover\n\t{\n\t\ttext-decoration: underline;\n\t}\t\n<\/style>\n<script type=\"text\/javascript\">\n\t\n\tfunction ouvrirFermerSpoiler(div)\n\t{\n        var divContenu = div.getElementsByTagName('div')[1];\n        \n\t\tif(divContenu.style.display == 'block')\n            divContenu.style.display = 'none';\n\t\telse\n            divContenu.style.display = 'block';\n    }\t\n<\/script>\n<div class=\"spoilerDiv\" onclick=\"ouvrirFermerSpoiler(this);\">\n\t<span class=\"lienAfficher\">\n\n\n<B><Font size=5>Les filiales du Groupe GICA <\/Font><\/b><\/br>\n\n\n<\/span>\n\t<div class=\"spoiler\">\n\t\t<div class=\"contenuSpoiler\">\n\n\t<\/br>\t\t\n&#8211;\tCopie de registre du commerce; <\/br>\n&#8211;\tNum\u00e9ro d\u2019Identification statistique (NIS); <\/br>\n&#8211;\tNum\u00e9ro d\u2019Identification Fiscale (NIF); <\/br>\n&#8211;\tLettre d\u2019expression de besoin ou bon de commande. <\/br>\n<\/br>\n\n\t\t\t\n\t\t<\/div>\n\t<\/div>\n<\/div>\n\n\n\n<style>\n\t\n\tdiv.spoiler\n\t{\n\t\tborder: \n\t\tcursor: pointer;\n\t\tdisplay: block;\n\t\tpadding: 3px;\t\n\t}\n\tdiv.spoilerDiv\n\tdiv.contenuSpoiler\n\t{\n\t\tdisplay: none;\n\t}\n\t.lienAfficher\n\t{\n\t\ttext-decoration: none;\n\t\tcursor: hand;\n\t\tcolor: none;\n\t}\n\t.lienAfficher:hover\n\t{\n\t\ttext-decoration: underline;\n\t}\t\n<\/style>\n<script type=\"text\/javascript\">\n\t\n\tfunction ouvrirFermerSpoiler(div)\n\t{\n        var divContenu = div.getElementsByTagName('div')[1];\n        \n\t\tif(divContenu.style.display == 'block')\n            divContenu.style.display = 'none';\n\t\telse\n            divContenu.style.display = 'block';\n    }\t\n<\/script>\n<div class=\"spoilerDiv\" onclick=\"ouvrirFermerSpoiler(this);\">\n\t<span class=\"lienAfficher\">\n\n\n<B><Font size=5>Autres clients <\/Font><\/b><\/br>\n\n\n<\/span>\n\t<div class=\"spoiler\">\n\t\t<div class=\"contenuSpoiler\">\n\n\t<\/br>\t\t\n<b><u>Association religieuse <\/u><\/b><\/br><\/br>\n&#8211;\tAgr\u00e9ment ou statuts de l\u2019association ; <\/br>\n&#8211;\tPermis de construire ; <\/br>\n&#8211;\tDevis estimatif et quantitatif ou attestation de besoin vis\u00e9e par les services technique habilit\u00e9s. <\/br>\n&#8211;\tBon de commande<\/br><\/br>\n<b><u>Autres (collectivit\u00e9s locales, et institutions d\u2019\u00e9tat) : <\/u><\/b><\/br><\/br>\n\n&#8211; Bon de Commande. <\/br>\n<\/br>\n\t\t\t\n\t\t<\/div>\n\t<\/div>\n<\/div>\n","protected":false},"excerpt":{"rendered":"<div class=\"slide-text-bg2\"><span>DOSSIER A FOURNIR Les clients sont pri\u00e9s de pr\u00e9senter un dossier comportant les documents suivants\u00a0: Entreprise de r\u00e9alisation &#8211; Copie de registr<\/span><\/div>\n<div class=\"slide-btn-area-sm\"><a href=\"https:\/\/scsigus.dz\/scs\/devenir-client\/\" class=\"slide-btn-sm\">Lire la suite<\/a><\/div>\n","protected":false},"author":1,"featured_media":52,"parent":0,"menu_order":0,"comment_status":"closed","ping_status":"closed","template":"pages\/left-sidebar.php","meta":{"_uag_custom_page_level_css":"","footnotes":""},"class_list":["post-179","page","type-page","status-publish","has-post-thumbnail","hentry"],"uagb_featured_image_src":{"full":false,"thumbnail":false,"medium":false,"medium_large":false,"large":false,"1536x1536":false,"2048x2048":false},"uagb_author_info":{"display_name":"admin","author_link":"https:\/\/scsigus.dz\/scs\/author\/admin\/"},"uagb_comment_info":0,"uagb_excerpt":"DOSSIER A FOURNIR Les clients sont pri\u00e9s de pr\u00e9senter un dossier comportant les documents suivants\u00a0: Entreprise de r\u00e9alisation &#8211; Copie de registrLire la suite","_links":{"self":[{"href":"https:\/\/scsigus.dz\/scs\/wp-json\/wp\/v2\/pages\/179","targetHints":{"allow":["GET"]}}],"collection":[{"href":"https:\/\/scsigus.dz\/scs\/wp-json\/wp\/v2\/pages"}],"about":[{"href":"https:\/\/scsigus.dz\/scs\/wp-json\/wp\/v2\/types\/page"}],"author":[{"embeddable":true,"href":"https:\/\/scsigus.dz\/scs\/wp-json\/wp\/v2\/users\/1"}],"replies":[{"embeddable":true,"href":"https:\/\/scsigus.dz\/scs\/wp-json\/wp\/v2\/comments?post=179"}],"version-history":[{"count":0,"href":"https:\/\/scsigus.dz\/scs\/wp-json\/wp\/v2\/pages\/179\/revisions"}],"wp:featuredmedia":[{"embeddable":true,"href":"https:\/\/scsigus.dz\/scs\/wp-json\/"}],"wp:attachment":[{"href":"https:\/\/scsigus.dz\/scs\/wp-json\/wp\/v2\/media?parent=179"}],"curies":[{"name":"wp","href":"https:\/\/api.w.org\/{rel}","templated":true}]}}